{"id":54,"date":"2023-01-21T10:17:37","date_gmt":"2023-01-21T09:17:37","guid":{"rendered":"https:\/\/dimljenariba.com\/suskavci\/?page_id=54"},"modified":"2023-01-22T11:17:47","modified_gmt":"2023-01-22T10:17:47","slug":"gdje-smo","status":"publish","type":"page","link":"https:\/\/dimljenariba.com\/suskavci\/gdje-smo\/","title":{"rendered":"Gdje smo"},"content":{"rendered":"<p>Bregi su malo, ali \u017eivopisno mjesto u sastavu op\u0107ine Matulji u Primorsko-goranskoj \u017eupaniji. O\u010duvana priroda, \u010disto more i svje\u017ei zrak, uz dostupost ekolo\u0161ki uzgojenih namirnica tvore idealnu kombinaciju za na\u0161e proizvodne vizije. Posjetite nas i uvjerite se sami.<\/p>\n","protected":false},"excerpt":{"rendered":"<p>Bregi su malo, ali \u017eivopisno mjesto u sastavu op\u0107ine Matulji u Primorsko-goranskoj \u017eupaniji. O\u010duvana priroda, \u010disto more i svje\u017ei zrak, uz dostupost ekolo\u0161ki uzgojenih namirnica tvore idealnu kombinaciju za na\u0161e proizvodne vizije. Posjetite nas i uvjerite se sami.<\/p>\n","protected":false},"author":1,"featured_media":0,"parent":0,"menu_order":0,"comment_status":"closed","ping_status":"closed","template":"","meta":{"footnotes":""},"class_list":["post-54","page","type-page","status-publish","hentry"],"_links":{"self":[{"href":"https:\/\/dimljenariba.com\/suskavci\/wp-json\/wp\/v2\/pages\/54","targetHints":{"allow":["GET"]}}],"collection":[{"href":"https:\/\/dimljenariba.com\/suskavci\/wp-json\/wp\/v2\/pages"}],"about":[{"href":"https:\/\/dimljenariba.com\/suskavci\/wp-json\/wp\/v2\/types\/page"}],"author":[{"embeddable":true,"href":"https:\/\/dimljenariba.com\/suskavci\/wp-json\/wp\/v2\/users\/1"}],"replies":[{"embeddable":true,"href":"https:\/\/dimljenariba.com\/suskavci\/wp-json\/wp\/v2\/comments?post=54"}],"version-history":[{"count":3,"href":"https:\/\/dimljenariba.com\/suskavci\/wp-json\/wp\/v2\/pages\/54\/revisions"}],"predecessor-version":[{"id":181,"href":"https:\/\/dimljenariba.com\/suskavci\/wp-json\/wp\/v2\/pages\/54\/revisions\/181"}],"wp:attachment":[{"href":"https:\/\/dimljenariba.com\/suskavci\/wp-json\/wp\/v2\/media?parent=54"}],"curies":[{"name":"wp","href":"https:\/\/api.w.org\/{rel}","templated":true}]}}