{"id":50,"date":"2023-01-21T10:16:27","date_gmt":"2023-01-21T09:16:27","guid":{"rendered":"https:\/\/dimljenariba.com\/suskavci\/?page_id=50"},"modified":"2023-01-23T10:17:06","modified_gmt":"2023-01-23T09:17:06","slug":"dimljena-riba-i-dagnje","status":"publish","type":"page","link":"https:\/\/dimljenariba.com\/suskavci\/dimljena-riba-i-dagnje\/","title":{"rendered":"Dimljena riba i dagnje"},"content":{"rendered":"<p>Na\u0161i glavni proizvodi DIMLJENI FILETI SRDELA, DIMLJENI FILETI IN\u0106UNA, te DIMLJENE DAGNJE kao sastavni dio ponude sa dimljenom<br \/>\nribom. Proizvodi dolaze u pakiranjima od 200 grama i 750 grama.<\/p>\n<p>Spravljeni su s ljubavlju i po tradicionalnoj recepturi koriste\u0107i isklju\u010divo sirovine sa podru\u010dja Istre i Kvarnera: riba je ulovljena u Jadranskom moru (sjeverni jadran), a svi ostali sastojci (sol, ulje,&#8230;) tako\u0111er su proizvedeni u na\u0161em kraju.<!--more--><\/p>\n<p><img loading=\"lazy\" decoding=\"async\" class=\"aligncenter wp-image-119 size-full\" src=\"https:\/\/dimljenariba.com\/suskavci\/wp-content\/uploads\/2023\/01\/Diva-2023-06.jpg\" alt=\"\" width=\"1280\" height=\"853\" srcset=\"https:\/\/dimljenariba.com\/suskavci\/wp-content\/uploads\/2023\/01\/Diva-2023-06.jpg 1280w, https:\/\/dimljenariba.com\/suskavci\/wp-content\/uploads\/2023\/01\/Diva-2023-06-300x200.jpg 300w, https:\/\/dimljenariba.com\/suskavci\/wp-content\/uploads\/2023\/01\/Diva-2023-06-1024x682.jpg 1024w, https:\/\/dimljenariba.com\/suskavci\/wp-content\/uploads\/2023\/01\/Diva-2023-06-768x512.jpg 768w\" sizes=\"auto, (max-width: 706px) 89vw, (max-width: 767px) 82vw, 740px\" \/><\/p>\n<p>Pogledajte foto galerije na\u0161ih proizvoda u ponudu, te prijedloge za serviranje <a href=\"https:\/\/dimljenariba.com\/suskavci\/ideje-za-serviranje\/\">OVDJE<\/a>.<\/p>\n","protected":false},"excerpt":{"rendered":"<p>Na\u0161i glavni proizvodi DIMLJENI FILETI SRDELA, DIMLJENI FILETI IN\u0106UNA, te DIMLJENE DAGNJE kao sastavni dio ponude sa dimljenom ribom. Proizvodi dolaze u pakiranjima od 200 grama i 750 grama. Spravljeni su s ljubavlju i po tradicionalnoj recepturi koriste\u0107i isklju\u010divo sirovine sa podru\u010dja Istre i Kvarnera: riba je ulovljena u Jadranskom moru (sjeverni jadran), a svi &hellip; <\/p>\n<p class=\"link-more\"><a href=\"https:\/\/dimljenariba.com\/suskavci\/dimljena-riba-i-dagnje\/\" class=\"more-link\">Nastavi \u010ditati<span class=\"screen-reader-text\"> &#8220;Dimljena riba i dagnje&#8221;<\/span><\/a><\/p>\n","protected":false},"author":1,"featured_media":73,"parent":0,"menu_order":0,"comment_status":"closed","ping_status":"closed","template":"","meta":{"footnotes":""},"class_list":["post-50","page","type-page","status-publish","has-post-thumbnail","hentry"],"_links":{"self":[{"href":"https:\/\/dimljenariba.com\/suskavci\/wp-json\/wp\/v2\/pages\/50","targetHints":{"allow":["GET"]}}],"collection":[{"href":"https:\/\/dimljenariba.com\/suskavci\/wp-json\/wp\/v2\/pages"}],"about":[{"href":"https:\/\/dimljenariba.com\/suskavci\/wp-json\/wp\/v2\/types\/page"}],"author":[{"embeddable":true,"href":"https:\/\/dimljenariba.com\/suskavci\/wp-json\/wp\/v2\/users\/1"}],"replies":[{"embeddable":true,"href":"https:\/\/dimljenariba.com\/suskavci\/wp-json\/wp\/v2\/comments?post=50"}],"version-history":[{"count":8,"href":"https:\/\/dimljenariba.com\/suskavci\/wp-json\/wp\/v2\/pages\/50\/revisions"}],"predecessor-version":[{"id":190,"href":"https:\/\/dimljenariba.com\/suskavci\/wp-json\/wp\/v2\/pages\/50\/revisions\/190"}],"wp:featuredmedia":[{"embeddable":true,"href":"https:\/\/dimljenariba.com\/suskavci\/wp-json\/wp\/v2\/media\/73"}],"wp:attachment":[{"href":"https:\/\/dimljenariba.com\/suskavci\/wp-json\/wp\/v2\/media?parent=50"}],"curies":[{"name":"wp","href":"https:\/\/api.w.org\/{rel}","templated":true}]}}