{"id":46,"date":"2023-01-21T10:12:09","date_gmt":"2023-01-21T09:12:09","guid":{"rendered":"https:\/\/dimljenariba.com\/suskavci\/?page_id=46"},"modified":"2023-01-23T10:09:40","modified_gmt":"2023-01-23T09:09:40","slug":"kvarnerska-prica","status":"publish","type":"page","link":"https:\/\/dimljenariba.com\/suskavci\/","title":{"rendered":"Kvarnerska pri\u010da"},"content":{"rendered":"<p>U prekrasnom plavom Jadranskom moru, okupana suncem i soli, \u017eivjela jednom jedna sasvim obi\u010dna riba \u2013 Srdela. \u010car se krije u tome \u0161to sama bit i du\u0161a svakog pravog kuhara le\u017ei u beskona\u010dnom nadahnu\u0107u sa sasvim jednostavnim namirnicama, ba\u0161 poput srdele.<\/p>\n<p>Dimljena srdela je odraz velikih, jakih i uzbudljivih okusa namjenjena ljubiteljima dobrog jela. Usavr\u0161ena s ljubavlju, sa uro\u0111enim smislom i okusom da otme zaboravu mnoge zna\u010dajne karakteristike na\u0161ih primorskih tradicionalnih jela, te raznoliko\u0161\u0107u izbora primjene, s lako\u0107om ocrtava i zbli\u017eava kuhinje razli\u010ditih naroda.<\/p>\n<div class=\"su-quote su-quote-style-default\"><div class=\"su-quote-inner su-u-clearfix su-u-trim\">U kuhanju pru\u017ea priliku za nebrojene kompozicije: razigrana fantazija stvara raznovrsne kombinacije i dodaje uvijek ne\u0161to svoga, osobnoga, uz male varijacije, pru\u017eaju\u0107i zadovoljstvo stvaranja. Jer kuhanje je umjetnost sli\u010dna kiparstvu, slikarstvu i glazbi ; treba ga prihvatiti s ljubavlju i zanosom.<\/div><\/div>\n<p>Bilo da se koristi u ukusnim tradicionalnim doma\u0107im jelima ili u suvremenom minimalisti\u010dkom kuhanju dimljena srdela pru\u017eit \u0107e mogu\u0107nost i potaknuti ljude svih \u017eivotnih dobi da \u010de\u0161\u0107e po\u017eele pripremiti istinski obrok.<\/p>\n<p>&nbsp;<\/p>\n","protected":false},"excerpt":{"rendered":"<p>U prekrasnom plavom Jadranskom moru, okupana suncem i soli, \u017eivjela jednom jedna sasvim obi\u010dna riba \u2013 Srdela. \u010car se krije u tome \u0161to sama bit i du\u0161a svakog pravog kuhara le\u017ei u beskona\u010dnom nadahnu\u0107u sa sasvim jednostavnim namirnicama, ba\u0161 poput srdele. Dimljena srdela je odraz velikih, jakih i uzbudljivih okusa namjenjena ljubiteljima dobrog jela. Usavr\u0161ena &hellip; <\/p>\n<p class=\"link-more\"><a href=\"https:\/\/dimljenariba.com\/suskavci\/\" class=\"more-link\">Nastavi \u010ditati<span class=\"screen-reader-text\"> &#8220;Kvarnerska pri\u010da&#8221;<\/span><\/a><\/p>\n","protected":false},"author":1,"featured_media":188,"parent":0,"menu_order":0,"comment_status":"closed","ping_status":"closed","template":"","meta":{"footnotes":""},"class_list":["post-46","page","type-page","status-publish","has-post-thumbnail","hentry"],"_links":{"self":[{"href":"https:\/\/dimljenariba.com\/suskavci\/wp-json\/wp\/v2\/pages\/46","targetHints":{"allow":["GET"]}}],"collection":[{"href":"https:\/\/dimljenariba.com\/suskavci\/wp-json\/wp\/v2\/pages"}],"about":[{"href":"https:\/\/dimljenariba.com\/suskavci\/wp-json\/wp\/v2\/types\/page"}],"author":[{"embeddable":true,"href":"https:\/\/dimljenariba.com\/suskavci\/wp-json\/wp\/v2\/users\/1"}],"replies":[{"embeddable":true,"href":"https:\/\/dimljenariba.com\/suskavci\/wp-json\/wp\/v2\/comments?post=46"}],"version-history":[{"count":2,"href":"https:\/\/dimljenariba.com\/suskavci\/wp-json\/wp\/v2\/pages\/46\/revisions"}],"predecessor-version":[{"id":64,"href":"https:\/\/dimljenariba.com\/suskavci\/wp-json\/wp\/v2\/pages\/46\/revisions\/64"}],"wp:featuredmedia":[{"embeddable":true,"href":"https:\/\/dimljenariba.com\/suskavci\/wp-json\/wp\/v2\/media\/188"}],"wp:attachment":[{"href":"https:\/\/dimljenariba.com\/suskavci\/wp-json\/wp\/v2\/media?parent=46"}],"curies":[{"name":"wp","href":"https:\/\/api.w.org\/{rel}","templated":true}]}}